{"id":54,"date":"2025-07-25T14:37:38","date_gmt":"2025-07-25T14:37:38","guid":{"rendered":"https:\/\/maispirenopolis.com\/home\/?page_id=54"},"modified":"2025-07-30T14:02:23","modified_gmt":"2025-07-30T14:02:23","slug":"agenda","status":"publish","type":"page","link":"https:\/\/maispirenopolis.com\/home\/agenda\/","title":{"rendered":"Agenda"},"content":{"rendered":"\t\t<div data-elementor-type=\"wp-page\" data-elementor-id=\"54\" class=\"elementor elementor-54\">\n\t\t\t\t<div class=\"elementor-element elementor-element-32fa4b6 e-flex e-con-boxed e-con e-parent\" data-id=\"32fa4b6\" data-element_type=\"container\">\n\t\t\t\t\t<div class=\"e-con-inner\">\n\t\t<div class=\"elementor-element elementor-element-d89283c e-con-full e-flex e-con e-child\" data-id=\"d89283c\" data-element_type=\"container\">\n\t\t\t\t<div class=\"elementor-element elementor-element-6f8815e elementor-widget elementor-widget-image\" data-id=\"6f8815e\" data-element_type=\"widget\" data-widget_type=\"image.default\">\n\t\t\t\t\t\t\t\t\t\t\t\t\t\t\t<img fetchpriority=\"high\" decoding=\"async\" width=\"550\" height=\"687\" src=\"https:\/\/maispirenopolis.com\/home\/wp-content\/uploads\/2025\/07\/01.png\" class=\"attachment-large size-large wp-image-131\" alt=\"\" srcset=\"https:\/\/maispirenopolis.com\/home\/wp-content\/uploads\/2025\/07\/01.png 550w, https:\/\/maispirenopolis.com\/home\/wp-content\/uploads\/2025\/07\/01-240x300.png 240w\" sizes=\"(max-width: 550px) 100vw, 550px\" \/>\t\t\t\t\t\t\t\t\t\t\t\t\t\t\t<\/div>\n\t\t\t\t<\/div>\n\t\t<div class=\"elementor-element elementor-element-98c438e e-con-full e-flex e-con e-child\" data-id=\"98c438e\" data-element_type=\"container\">\n\t\t\t\t<div class=\"elementor-element elementor-element-05f7924 elementor-widget elementor-widget-text-editor\" data-id=\"05f7924\" data-element_type=\"widget\" data-widget_type=\"text-editor.default\">\n\t\t\t\t\t\t\t\t\t<p class=\"x_MsoNormal\"><b data-olk-copy-source=\"MessageBody\">Esquenta para o Saga Jazz\u00a0Festival 2025<\/b><\/p><p class=\"x_MsoNormal\"><strong>Data\/hor\u00e1rio:<\/strong> Nesta quinta, 31 de Julho, \u00e0s 17h30.<\/p><p class=\"x_MsoNormal\"><strong>Local:<\/strong> Pra\u00e7a do Coreto, Centro Hist\u00f3rico de Piren\u00f3polis \u2013 GO<\/p><p class=\"x_MsoNormal\"><strong>Evento gratuito.<\/strong><\/p><p class=\"x_MsoNormal\"><strong>Contatos:<\/strong> Ricardo de Pina (62) 99838-0208<\/p><p class=\"x_MsoNormal\"><strong>Rede Social:<\/strong><b> @sagajazzfestival<\/b><\/p>\t\t\t\t\t\t\t\t<\/div>\n\t\t\t\t<\/div>\n\t\t\t\t\t<\/div>\n\t\t\t\t<\/div>\n\t\t<div class=\"elementor-element elementor-element-5e0725b e-flex e-con-boxed e-con e-parent\" data-id=\"5e0725b\" data-element_type=\"container\">\n\t\t\t\t\t<div class=\"e-con-inner\">\n\t\t\t\t<div class=\"elementor-element elementor-element-de1c05b elementor-widget elementor-widget-text-editor\" data-id=\"de1c05b\" data-element_type=\"widget\" data-widget_type=\"text-editor.default\">\n\t\t\t\t\t\t\t\t\t<p class=\"x_MsoNormal\"><em><strong>Banda \u201cU.A.I\u201d<\/strong> \u00e9 formada por Fred Valle e Ricardo de Pina (na bateria), Carlos Foca e Luis Sardinha (no baixo), Walter Villa\u00e7a e Ingrid Lobo (na guitarra), Edilson Morais e Let\u00edcia Romano (na percuss\u00e3o), Willian Candido (no teclado), Sarar\u00e1 Santos<\/em><br \/><em>(no sax e flauta) e as participa\u00e7\u00f5es especiais de Fabiano Menezes (na guitarra), Lu\u00edsa Miguel (na guitarra e Voz) e Zez\u00e3o (na Voz).<br \/><br \/><strong>\u00a0 \u00a0 \u00a0 \u00a0 \u00a0 \u00a0 \u00a0 \u00a0 \u00a0 \u00a0Ingressos para o grande evento, dia 9 de Agosto, no Casar\u00e3o Serra do Ouro est\u00e3o dispon\u00edveis no link abaixo:<\/strong><br \/><\/em><\/p>\t\t\t\t\t\t\t\t<\/div>\n\t\t\t\t\t<\/div>\n\t\t\t\t<\/div>\n\t\t<div class=\"elementor-element elementor-element-bd2b3ad e-flex e-con-boxed e-con e-parent\" data-id=\"bd2b3ad\" data-element_type=\"container\">\n\t\t\t\t\t<div class=\"e-con-inner\">\n\t\t\t\t<div class=\"elementor-element elementor-element-d5cda58 elementor-align-justify elementor-widget elementor-widget-button\" data-id=\"d5cda58\" data-element_type=\"widget\" data-widget_type=\"button.default\">\n\t\t\t\t\t\t\t\t\t\t<a class=\"elementor-button elementor-button-link elementor-size-sm\" href=\"https:\/\/www.sympla.com.br\/evento\/saga-jazz-festival-2025\/3000088\">\n\t\t\t\t\t\t<span class=\"elementor-button-content-wrapper\">\n\t\t\t\t\t\t\t\t\t<span class=\"elementor-button-text\">COMPRAR AGORA <\/span>\n\t\t\t\t\t<\/span>\n\t\t\t\t\t<\/a>\n\t\t\t\t\t\t\t\t<\/div>\n\t\t\t\t\t<\/div>\n\t\t\t\t<\/div>\n\t\t\t\t<\/div>\n\t\t","protected":false},"excerpt":{"rendered":"<p>Esquenta para o Saga Jazz\u00a0Festival 2025 Data\/hor\u00e1rio: Nesta quinta, 31 de Julho, \u00e0s 17h30. Local: Pra\u00e7a do Coreto, Centro Hist\u00f3rico de Piren\u00f3polis \u2013 GO Evento gratuito. Contatos: Ricardo de Pina (62) 99838-0208 Rede Social: @sagajazzfestival Banda \u201cU.A.I\u201d \u00e9 formada por Fred Valle e Ricardo de Pina (na bateria), Carlos Foca e Luis Sardinha (no baixo), [&hellip;]<\/p>\n","protected":false},"author":1,"featured_media":0,"parent":0,"menu_order":0,"comment_status":"closed","ping_status":"closed","template":"","meta":{"pagelayer_contact_templates":[],"_pagelayer_content":"","footnotes":""},"class_list":["post-54","page","type-page","status-publish","hentry"],"_links":{"self":[{"href":"https:\/\/maispirenopolis.com\/home\/wp-json\/wp\/v2\/pages\/54","targetHints":{"allow":["GET"]}}],"collection":[{"href":"https:\/\/maispirenopolis.com\/home\/wp-json\/wp\/v2\/pages"}],"about":[{"href":"https:\/\/maispirenopolis.com\/home\/wp-json\/wp\/v2\/types\/page"}],"author":[{"embeddable":true,"href":"https:\/\/maispirenopolis.com\/home\/wp-json\/wp\/v2\/users\/1"}],"replies":[{"embeddable":true,"href":"https:\/\/maispirenopolis.com\/home\/wp-json\/wp\/v2\/comments?post=54"}],"version-history":[{"count":43,"href":"https:\/\/maispirenopolis.com\/home\/wp-json\/wp\/v2\/pages\/54\/revisions"}],"predecessor-version":[{"id":146,"href":"https:\/\/maispirenopolis.com\/home\/wp-json\/wp\/v2\/pages\/54\/revisions\/146"}],"wp:attachment":[{"href":"https:\/\/maispirenopolis.com\/home\/wp-json\/wp\/v2\/media?parent=54"}],"curies":[{"name":"wp","href":"https:\/\/api.w.org\/{rel}","templated":true}]}}